{"id":94,"date":"2020-01-26T20:49:53","date_gmt":"2020-01-26T20:49:53","guid":{"rendered":"https:\/\/www.krabbsigurvon.is\/?page_id=94"},"modified":"2020-11-26T14:22:30","modified_gmt":"2020-11-26T14:22:30","slug":"fraedsla","status":"publish","type":"page","link":"https:\/\/www.krabbsigurvon.is\/?page_id=94","title":{"rendered":"Pers\u00f3nuverndarstefna Sigurvonar"},"content":{"rendered":"<p><b>Pers\u00f3nuverndarstefna krabbameinsf\u00e9lagsins Sigurvonar<\/b><\/p>\n<p><span style=\"font-weight: 400;\">\u00a0<\/span><span style=\"font-weight: 400;\">Sigurvon hefur \u00fea\u00f0 a\u00f0 markmi\u00f0i a\u00f0 tryggja \u00ed hv\u00edvetna \u00e1rei\u00f0anleika, tr\u00fana\u00f0 og \u00f6ryggi allra pers\u00f3nuuppl\u00fdsinga sem unni\u00f0 er me\u00f0 \u00e1 vegum f\u00e9lagsins. F\u00e9lagi\u00f0 er a\u00f0ili a\u00f0 Krabbameinsf\u00e9lagi \u00cdslands, , www.krabb.is, sem eru frj\u00e1ls f\u00e9lagasamt\u00f6k sem rekin eru fyrir gjafir og styrktarframl\u00f6g almennings og fyrirt\u00e6kja. A\u00f0ild a\u00f0 \u00fev\u00ed eiga krabbameinsf\u00e9l\u00f6g \u00ed landinu og \u00f6nnur \u00e1hugamannasamt\u00f6k sem starfa \u00ed samr\u00e6mi vi\u00f0 tilgang f\u00e9lagsins og hloti\u00f0 hafa sam\u00feykki stj\u00f3rnar \u00feess og a\u00f0alfundar. Markmi\u00f0 f\u00e9laganna eru a\u00f0 f\u00e6kka \u00feeim sem greinast me\u00f0 krabbamein, fj\u00f6lga \u00feeim sem lifa eftir greiningu og b\u00e6ta l\u00edfsg\u00e6\u00f0i \u00feeirra og a\u00f0standenda.\u00a0<\/span><\/p>\n<p><span style=\"font-weight: 400;\">Pers\u00f3nuverndarstefna \u00feessi er bygg\u00f0 \u00e1 l\u00f6gum nr. 90\/2018 um pers\u00f3nuvernd og vinnslu pers\u00f3nuuppl\u00fdsinga. H\u00fan fjallar um \u00fe\u00e1 vinnslu \u00e1 pers\u00f3nuuppl\u00fdsingum einstaklinga sem Krabbameinsf\u00e9lagi\u00f0 er \u00e1byrg\u00f0ara\u00f0ili fyrir en n\u00e6r ekki til vinnslu a\u00f0ildarf\u00e9laga Krabbameinsf\u00e9lags \u00cdslands \u00e1 pers\u00f3nuuppl\u00fdsingum, nema anna\u00f0 s\u00e9 teki\u00f0 fram.<\/span><\/p>\n<p><span style=\"font-weight: 400;\">\u00cd undirk\u00f6flum stefnunnar er \u00fev\u00ed n\u00e1nar l\u00fdst hvers konar pers\u00f3nuuppl\u00fdsingar er um a\u00f0 r\u00e6\u00f0a hverju sinni, hva\u00f0an \u00feeirra er afla\u00f0, hver s\u00e9 tilgangur me\u00f0 vinnslu \u00feeirra, \u00e1 grundvelli hva\u00f0a heimildar vinnslan fari fram og hver s\u00e9u vi\u00f0mi\u00f0 var\u00f0andi geymslut\u00edma \u00feeirra. \u00de\u00e1 er fjalla\u00f0 um, \u00fear sem \u00fea\u00f0 \u00e1 vi\u00f0, hverjir s\u00e9u vi\u00f0takendur uppl\u00fdsinganna og hvort vi\u00f0 mi\u00f0lum vi\u00f0komandi pers\u00f3nuuppl\u00fdsingum \u00fat fyrir EES.<\/span><\/p>\n<p><span style=\"font-weight: 400;\">Fari\u00f0 er me\u00f0 allar pers\u00f3nugreinanlegar uppl\u00fdsingar sem tr\u00fana\u00f0arg\u00f6gn. \u00deeim sem leita til Krabbameinsf\u00e9lagsins og veita f\u00e9laginu pers\u00f3nuuppl\u00fdsingar s\u00ednar \u00ed eftirtaldar vinnslur er \u00ed engum tilvikum skylt a\u00f0 veita \u00fe\u00e6r uppl\u00fdsingar en \u00fe\u00e6r eru jafnan forsenda \u00feess a\u00f0 h\u00e6gt s\u00e9 a\u00f0 veita \u00feeim \u00fe\u00e1 \u00fej\u00f3nustu sem vinnslan l\u00fdtur a\u00f0 og aflei\u00f0ingar \u00feess a\u00f0 uppl\u00fdsingarnar eru ekki veittar ver\u00f0a \u00fev\u00ed a\u00f0 ekki reynist unnt a\u00f0 veita umbe\u00f0na \u00fej\u00f3nustu.<\/span><\/p>\n<p><span style=\"font-weight: 400;\">Engin vinnsla pers\u00f3nuuppl\u00fdsinga hj\u00e1 f\u00e9laginu felur \u00ed s\u00e9r e\u00f0a byggir \u00e1 sj\u00e1lfvirkri \u00e1kvar\u00f0anat\u00f6ku, \u00fe.m.t. ger\u00f0 pers\u00f3nusni\u00f0s.<\/span><\/p>\n<p><b>Skr\u00e1ning \u00ed f\u00e9lagi\u00f0<\/b><\/p>\n<p><span style=\"font-weight: 400;\">\u00deegar einstaklingur \u00f3skar eftir a\u00f0 gerast f\u00e9lagi \u00ed a\u00f0ildarf\u00e9lagi Krabbameinsf\u00e9lagsins \u00e1 vef f\u00e9lagsins, skr\u00e1ir hann sj\u00e1lfur nafn, kennit\u00f6lu og netfang. Uppl\u00fdsingarnar eru f\u00e6r\u00f0ar \u00ed skr\u00e1 yfir f\u00e9lagatal auk kr\u00f6fuskr\u00e1 \u00ed banka f\u00e9lagsins svo h\u00e6gt s\u00e9 a\u00f0 senda grei\u00f0sluse\u00f0il fyrir \u00e1rsgjaldi \u00e1 vi\u00f0komandi. F\u00e9lagi\u00f0 heldur \u00feessa skr\u00e1 me\u00f0 tengili\u00f0auppl\u00fdsingum \u00fear til vi\u00f0komandi \u00f3skar eftir \u00fev\u00ed a\u00f0 vera tekinn af \u00feeirri skr\u00e1. Uppl\u00fdsingunum er ekki mi\u00f0la\u00f0 til \u00feri\u00f0ja a\u00f0ila og er eytt eftir a\u00f0 vi\u00f0komandi hefur \u00f3ska\u00f0 eftir \u00fev\u00ed a\u00f0 vera tekinn af skr\u00e1nni.<\/span><\/p>\n<p><b>Styrkir \u00e1 vegum f\u00e9lagsins<\/b><\/p>\n<p><span style=\"font-weight: 400;\">\u00deegar einstaklingur \u00f3skar eftir styrk fr\u00e1 Sigurvon skr\u00e1ir hann sj\u00e1lfur nafn, kennit\u00f6lu og bankauppl\u00fdsingar \u00e1samt afritum af reikningum ef vi\u00f0 \u00e1. Starfsma\u00f0ur Sigurvonar tekur vi\u00f0 g\u00f6gnunum og kemur \u00feeim til gjaldkera f\u00e9lagsins svo h\u00e6gt s\u00e9 a\u00f0 grei\u00f0a \u00fe\u00e1 \u00fat. Ekki er haldin skr\u00e1 yfir \u00feessar uppl\u00fdsingar heldur \u00f3ska\u00f0 eftir uppl\u00fdsingum \u00ed hvert sinn sem styrkur er greiddur \u00fat.\u00a0<\/span><\/p>\n<p><b>Minningarkort<\/b><\/p>\n<p><span style=\"font-weight: 400;\">Styrkja m\u00e1 Krabbameinsf\u00e9lagi\u00f0 me\u00f0 \u00fev\u00ed a\u00f0 senda minningarkort um l\u00e1tinn \u00e1stvin. H\u00e6gt er a\u00f0 senda kortin me\u00f0 p\u00f6ntun \u00e1 vefnun krabb.is, me\u00f0 s\u00edmtali e\u00f0a p\u00f6ntun \u00ed gegnum t\u00f6lvup\u00f3st.<\/span><\/p>\n<p><span style=\"font-weight: 400;\">Be\u00f0i\u00f0 er um \u00fe\u00e6r pers\u00f3nuuppl\u00fdsingar sem nau\u00f0synlegar eru til a\u00f0 geta gengi\u00f0 fr\u00e1 grei\u00f0slu, brug\u00f0ist vi\u00f0 m\u00f6gulegum vandam\u00e1lum \u00ed grei\u00f0sluferlinu og til a\u00f0 koma minningarkorti til a\u00f0standenda, uppfyllt b\u00f3khaldsl\u00f6g og skr\u00e1\u00f0 \u00fe\u00e1 sem vilja \u00e1 stu\u00f0ningsa\u00f0ilaskr\u00e1. Grei\u00f0slur fara \u00ed gegnum grei\u00f0slukerfi Borgunar og kerfi Krabbameinsf\u00e9lagsins vista engin grei\u00f0slukortan\u00famer. F\u00e9laginu er \u00fev\u00ed nau\u00f0synlegt a\u00f0 vinna me\u00f0 uppl\u00fdsingarnar til a\u00f0 efna samning vi\u00f0 hinn skr\u00e1\u00f0a um sendingu minningarkorts og veitingu styrks.<\/span><\/p>\n<p><span style=\"font-weight: 400;\">Fyrir utan uppl\u00fdsingar \u00ed framangreindri stu\u00f0ningsa\u00f0ilaskr\u00e1 og \u00ed v\u00f6rslu b\u00f3khaldsuppl\u00fdsinga \u00fe\u00e1 eru \u00fe\u00e6r uppl\u00fdsingar sem eru geymdar t\u00edmabundi\u00f0 \u00ed vefumsj\u00f3narkerfi f\u00e9lagsins eftirtaldar:<\/span><\/p>\n<ul>\n<li><span style=\"font-weight: 400;\">Nafn hins l\u00e1tna og nafn \u00feess sem sendir<\/span><\/li>\n<li><span style=\"font-weight: 400;\">Heimili, p\u00f3stn\u00famer og sta\u00f0ur vi\u00f0takanda<\/span><\/li>\n<li><span style=\"font-weight: 400;\">Nafn, kennitala, heimili, p\u00f3stn\u00famer, sta\u00f0ur og netfang grei\u00f0anda<\/span><\/li>\n<li><span style=\"font-weight: 400;\">Upph\u00e6\u00f0 gjafar<\/span><\/li>\n<li><span style=\"font-weight: 400;\">Uppl\u00fdsingar um hva\u00f0a krabbameinsf\u00e9lag grei\u00f0andi vill styrkja<\/span><\/li>\n<\/ul>\n<p><b>Eftirfylgni me\u00f0 pers\u00f3nuverndarstefnu Krabbameinsf\u00e9lagsins<\/b><\/p>\n<p><span style=\"font-weight: 400;\">Pers\u00f3nuverndarstefna Sigurvonar tekur mi\u00f0 af frum\u00fatg\u00e1fu pers\u00f3nuverndarstefnu Krabbameinsf\u00e9lags \u00cdslands var sam\u00feykkt af stj\u00f3rn f\u00e9lagsins \u00feann 02.06. 2020. Gildandi pers\u00f3nuverndarstefna hverju sinni er birt \u00e1 vef f\u00e9lagsins, krabb.is.<\/span><\/p>\n<p><span style=\"font-weight: 400;\">Krabbameinsf\u00e9lagi\u00f0 \u00e1skilur s\u00e9r r\u00e9tt til a\u00f0 uppf\u00e6ra pers\u00f3nuverndarstefnu s\u00edna, til d\u00e6mis ef breytingar ver\u00f0a \u00e1 \u00fev\u00ed hvernig unni\u00f0 er me\u00f0 pers\u00f3nuuppl\u00fdsingar e\u00f0a ef \u00fe\u00f6rf reynist \u00e1 a\u00f0 sk\u00fdra betur einstaka li\u00f0i. Fyrirspurnum vegna vinnslu pers\u00f3nuuppl\u00fdsinga m\u00e1 koma \u00e1 framf\u00e6ri vi\u00f0 Sigurvon me\u00f0 \u00fev\u00ed a\u00f0 hafa samband \u00ed gegnum netfangi\u00f0 sigurvon@snerpa.is<\/span><\/p>\n<p><i><span style=\"font-weight: 400;\">Pers\u00f3nuverndarstefna \u00feessi var s\u00ed\u00f0ast uppf\u00e6r\u00f0 n\u00f3vember 2020.<\/span><\/i><\/p>\n","protected":false},"excerpt":{"rendered":"<p>Pers\u00f3nuverndarstefna krabbameinsf\u00e9lagsins Sigurvonar \u00a0Sigurvon hefur \u00fea\u00f0 a\u00f0 markmi\u00f0i a\u00f0 tryggja \u00ed hv\u00edvetna \u00e1rei\u00f0anleika, tr\u00fana\u00f0 og \u00f6ryggi allra pers\u00f3nuuppl\u00fdsinga sem unni\u00f0 er me\u00f0 \u00e1 vegum f\u00e9lagsins. F\u00e9lagi\u00f0 er a\u00f0ili a\u00f0 Krabbameinsf\u00e9lagi \u00cdslands, , www.krabb.is, sem eru frj\u00e1ls f\u00e9lagasamt\u00f6k sem rekin eru &hellip; <a href=\"https:\/\/www.krabbsigurvon.is\/?page_id=94\">Continued<\/a><\/p>\n","protected":false},"author":2,"featured_media":0,"parent":0,"menu_order":0,"comment_status":"closed","ping_status":"closed","template":"","meta":{"kt_blocks_editor_width":"","footnotes":""},"class_list":["post-94","page","type-page","status-publish","hentry"],"_links":{"self":[{"href":"https:\/\/www.krabbsigurvon.is\/index.php?rest_route=\/wp\/v2\/pages\/94","targetHints":{"allow":["GET"]}}],"collection":[{"href":"https:\/\/www.krabbsigurvon.is\/index.php?rest_route=\/wp\/v2\/pages"}],"about":[{"href":"https:\/\/www.krabbsigurvon.is\/index.php?rest_route=\/wp\/v2\/types\/page"}],"author":[{"embeddable":true,"href":"https:\/\/www.krabbsigurvon.is\/index.php?rest_route=\/wp\/v2\/users\/2"}],"replies":[{"embeddable":true,"href":"https:\/\/www.krabbsigurvon.is\/index.php?rest_route=%2Fwp%2Fv2%2Fcomments&post=94"}],"version-history":[{"count":3,"href":"https:\/\/www.krabbsigurvon.is\/index.php?rest_route=\/wp\/v2\/pages\/94\/revisions"}],"predecessor-version":[{"id":209,"href":"https:\/\/www.krabbsigurvon.is\/index.php?rest_route=\/wp\/v2\/pages\/94\/revisions\/209"}],"wp:attachment":[{"href":"https:\/\/www.krabbsigurvon.is\/index.php?rest_route=%2Fwp%2Fv2%2Fmedia&parent=94"}],"curies":[{"name":"wp","href":"https:\/\/api.w.org\/{rel}","templated":true}]}}