{"id":8,"date":"2019-11-28T10:08:18","date_gmt":"2019-11-28T10:08:18","guid":{"rendered":"http:\/\/krabbsigurvon.is\/?page_id=8"},"modified":"2020-11-26T14:25:57","modified_gmt":"2020-11-26T14:25:57","slug":"hvernig-styrki-eg-felagid","status":"publish","type":"page","link":"https:\/\/www.krabbsigurvon.is\/?page_id=8","title":{"rendered":"Hvernig styrki \u00e9g f\u00e9lagi\u00f0?"},"content":{"rendered":"\r\n<p>\u00cd dag eru t\u00e6plega 400 virkir f\u00e9lagar \u00ed Krabbameinsf\u00e9lagi Sigurvonar. \u00dea\u00f0 er afar g\u00f3\u00f0ur h\u00f3pur f\u00f3lks sem grei\u00f0ir f\u00e9lagsgj\u00f6ld tvisvar sinnum \u00e1 \u00e1ri. Annars vegar \u00ed mars og hins vegar \u00ed okt\u00f3ber. F\u00e9lagsgj\u00f6ldin eru send \u00fat \u00ed heimabanka f\u00e9laga og hlj\u00f3\u00f0a upp \u00e1 5.000 kr\u00f3nur \u00e1 \u00e1ri, sem greiddar eru \u00ed tennu lagi. \u00dea\u00f0 sem \u00feessir g\u00f3\u00f0u f\u00e9lagar, sem og a\u00f0rir velunnarar f\u00e9lagsins, gera er a\u00f0 gera f\u00e9laginu kleift a\u00f0 sty\u00f0ja vi\u00f0 baki\u00f0 \u00e1 \u00feeim sem greinast me\u00f0 krabbamein. F\u00e9lagi\u00f0 er me\u00f0 \u00fdmsan fj\u00e1rhagsstu\u00f0ning \u00e1 erfi\u00f0um t\u00edmum, t.d. grei\u00f0um vi\u00f0 ni\u00f0ur gistikostna\u00f0, h\u00e6gt er a\u00f0 s\u00e6kja um \u00e1rsstyrk og \u00feegar vel \u00e1rar h\u00f6fum vi\u00f0 greitt \u00fat s\u00e9rstakan j\u00f3lastyrk.<br \/>F\u00e9lagi\u00f0 v\u00e6ri snautt \u00e1n alls \u00feessa g\u00f3\u00f0a f\u00f3lks sem stendur \u00fe\u00e9tt vi\u00f0 baki\u00f0 \u00e1 okkur.<\/p>\r\n\r\n\r\n\r\n<p>\u00dea\u00f0 er afar au\u00f0velt a\u00f0 gerast f\u00e9lagi, \u00fe\u00fa einfadlega fyllir \u00fat formi\u00f0 h\u00e9r a\u00f0 ne\u00f0an og vi\u00f0 skr\u00e1um \u00feig inn.<\/p>\r\n\r\n\r\n\r\n<p>Einnig er h\u00e6gt a\u00f0 leggja til frj\u00e1ls framl\u00f6g. \u00deau er h\u00e6gt a\u00f0 grei\u00f0a inn \u00e1 reikning f\u00e9lagsins 0154 &#8211; 26 &#8211; 002010 Kt. 470102-4540<\/p>\r\n<p><em>Fyrir n\u00e1nari uppl\u00fdsingar um me\u00f0fer\u00f0 pers\u00f3nuuppl\u00fdsinga v\u00edsast \u00ed <a href=\"https:\/\/www.krabbsigurvon.is\/?page_id=94\">pers\u00f3nuverndarstefnu<\/a> Sigurvonar.\u00a0<\/em><\/p>\r\n\r\n\r\n\r\n\n<div class=\"wpcf7 no-js\" id=\"wpcf7-f40-o1\" lang=\"en-US\" dir=\"ltr\" data-wpcf7-id=\"40\">\n<div class=\"screen-reader-response\"><p role=\"status\" aria-live=\"polite\" aria-atomic=\"true\"><\/p> <ul><\/ul><\/div>\n<form action=\"\/index.php?rest_route=%2Fwp%2Fv2%2Fpages%2F8#wpcf7-f40-o1\" method=\"post\" class=\"wpcf7-form init\" aria-label=\"Contact form\" novalidate=\"novalidate\" data-status=\"init\">\n<fieldset class=\"hidden-fields-container\"><input type=\"hidden\" name=\"_wpcf7\" value=\"40\" \/><input type=\"hidden\" name=\"_wpcf7_version\" value=\"6.1.5\" \/><input type=\"hidden\" name=\"_wpcf7_locale\" value=\"en_US\" \/><input type=\"hidden\" name=\"_wpcf7_unit_tag\" value=\"wpcf7-f40-o1\" \/><input type=\"hidden\" name=\"_wpcf7_container_post\" value=\"0\" \/><input type=\"hidden\" name=\"_wpcf7_posted_data_hash\" value=\"\" \/><input type=\"hidden\" name=\"_wpcf7_recaptcha_response\" value=\"\" \/>\n<\/fieldset>\n<p><label> Nafn *<br \/>\n<span class=\"wpcf7-form-control-wrap\" data-name=\"your-name\"><input size=\"40\" maxlength=\"400\" class=\"wpcf7-form-control wpcf7-text wpcf7-validates-as-required\" aria-required=\"true\" aria-invalid=\"false\" value=\"\" type=\"text\" name=\"your-name\" \/><\/span> <\/label>\n<\/p>\n<p><label> T\u00f6lvup\u00f3stfang *<br \/>\n<span class=\"wpcf7-form-control-wrap\" data-name=\"email-852\"><input size=\"40\" maxlength=\"400\" class=\"wpcf7-form-control wpcf7-email wpcf7-validates-as-required wpcf7-text wpcf7-validates-as-email\" aria-required=\"true\" aria-invalid=\"false\" value=\"\" type=\"email\" name=\"email-852\" \/><\/span><br \/>\n<\/label><label> Kennitala *<br \/>\n<span class=\"wpcf7-form-control-wrap\" data-name=\"number-513\"><input class=\"wpcf7-form-control wpcf7-number wpcf7-validates-as-number\" aria-invalid=\"false\" value=\"\" type=\"number\" name=\"number-513\" \/><\/span><br \/>\n<\/label><label> Ertu me\u00f0 skilabo\u00f0 til okkar?<br \/>\n<span class=\"wpcf7-form-control-wrap\" data-name=\"textarea-71\"><textarea cols=\"40\" rows=\"10\" maxlength=\"2000\" class=\"wpcf7-form-control wpcf7-textarea\" aria-invalid=\"false\" name=\"textarea-71\"><\/textarea><\/span><br \/>\n<input class=\"wpcf7-form-control wpcf7-submit has-spinner\" type=\"submit\" value=\"Senda skr\u00e1ningu\" \/><\/label>\n<\/p><p style=\"display: none !important;\" class=\"akismet-fields-container\" data-prefix=\"_wpcf7_ak_\"><label>&#916;<textarea name=\"_wpcf7_ak_hp_textarea\" cols=\"45\" rows=\"8\" maxlength=\"100\"><\/textarea><\/label><input type=\"hidden\" id=\"ak_js_1\" name=\"_wpcf7_ak_js\" value=\"194\"\/><script type=\"text\/javascript\">\n\/* <![CDATA[ *\/\ndocument.getElementById( \"ak_js_1\" ).setAttribute( \"value\", ( new Date() ).getTime() );\n\/* ]]> *\/\n<\/script>\n<\/p><div class=\"wpcf7-response-output\" aria-hidden=\"true\"><\/div>\n<\/form>\n<\/div>\n\r\n","protected":false},"excerpt":{"rendered":"<p>\u00cd dag eru t\u00e6plega 400 virkir f\u00e9lagar \u00ed Krabbameinsf\u00e9lagi Sigurvonar. \u00dea\u00f0 er afar g\u00f3\u00f0ur h\u00f3pur f\u00f3lks sem grei\u00f0ir f\u00e9lagsgj\u00f6ld tvisvar sinnum \u00e1 \u00e1ri. Annars vegar \u00ed mars og hins vegar \u00ed okt\u00f3ber. F\u00e9lagsgj\u00f6ldin eru send \u00fat \u00ed heimabanka f\u00e9laga og &hellip; <a href=\"https:\/\/www.krabbsigurvon.is\/?page_id=8\">Continued<\/a><\/p>\n","protected":false},"author":1,"featured_media":0,"parent":0,"menu_order":0,"comment_status":"closed","ping_status":"closed","template":"","meta":{"kt_blocks_editor_width":"","footnotes":""},"class_list":["post-8","page","type-page","status-publish","hentry"],"_links":{"self":[{"href":"https:\/\/www.krabbsigurvon.is\/index.php?rest_route=\/wp\/v2\/pages\/8","targetHints":{"allow":["GET"]}}],"collection":[{"href":"https:\/\/www.krabbsigurvon.is\/index.php?rest_route=\/wp\/v2\/pages"}],"about":[{"href":"https:\/\/www.krabbsigurvon.is\/index.php?rest_route=\/wp\/v2\/types\/page"}],"author":[{"embeddable":true,"href":"https:\/\/www.krabbsigurvon.is\/index.php?rest_route=\/wp\/v2\/users\/1"}],"replies":[{"embeddable":true,"href":"https:\/\/www.krabbsigurvon.is\/index.php?rest_route=%2Fwp%2Fv2%2Fcomments&post=8"}],"version-history":[{"count":8,"href":"https:\/\/www.krabbsigurvon.is\/index.php?rest_route=\/wp\/v2\/pages\/8\/revisions"}],"predecessor-version":[{"id":211,"href":"https:\/\/www.krabbsigurvon.is\/index.php?rest_route=\/wp\/v2\/pages\/8\/revisions\/211"}],"wp:attachment":[{"href":"https:\/\/www.krabbsigurvon.is\/index.php?rest_route=%2Fwp%2Fv2%2Fmedia&parent=8"}],"curies":[{"name":"wp","href":"https:\/\/api.w.org\/{rel}","templated":true}]}}