{"id":4,"date":"2019-11-28T10:07:58","date_gmt":"2019-11-28T10:07:58","guid":{"rendered":"http:\/\/krabbsigurvon.is\/?page_id=4"},"modified":"2024-06-05T08:40:02","modified_gmt":"2024-06-05T08:40:02","slug":"um-felagid","status":"publish","type":"page","link":"https:\/\/www.krabbsigurvon.is\/?page_id=4","title":{"rendered":"Um f\u00e9lagi\u00f0"},"content":{"rendered":"\r\n<p class=\"has-very-dark-gray-color has-text-color\">Krabbameinsf\u00e9lagi\u00f0 Sigurvon var stofna\u00f0 4. n\u00f3vember 2001 og eru f\u00e9lagsmenn \u00ed dag r\u00e9tt t\u00e6plega 400 talsins. Helsta hlutverk krabbameinsf\u00e9lagsins Sigurvonar er a\u00f0 veita f\u00f3lki \u00ed krabbameinsme\u00f0fer\u00f0, og fj\u00f6lskyldum \u00feeirra, stu\u00f0ning \u00ed gegnum bar\u00e1ttu \u00feeirra. S\u00e1 stu\u00f0ningur felst \u00ed uppl\u00fdsingagj\u00f6f til f\u00f3lks og fj\u00e1rstu\u00f0nings. F\u00f3lk sem er \u00ed krabbameinsme\u00f0fer\u00f0 getur s\u00f3tt um \u00e1rsstyrk til f\u00e9lagsins. Einnig grei\u00f0ir f\u00e9lagi\u00f0 ni\u00f0ur gistikostna\u00f0 fyrir f\u00f3lk sem \u00fearf a\u00f0 dvelja \u00ed Reykjav\u00edk vegna sj\u00fakrah\u00fasdvalar.<br \/><br \/>Opnunart\u00edmi \u00fej\u00f3nustuskrifstofunnar er \u00e1 \u00feri\u00f0jud\u00f6gum fr\u00e1 kl. 14-16.<\/p>\r\n\r\n\r\n\r\n<p>&nbsp;<\/p>\r\n\r\n\r\n\r\n<p><strong>Stj\u00f3rn f\u00e9lagsins er skipu\u00f0 eftirfarandi:<\/strong><\/p>\r\n\r\n\r\n\r\n<p>Forma\u00f0ur: Martha Krist\u00edn P\u00e1lmad\u00f3ttir<\/p>\r\n\r\n\r\n\r\n<p>Gjaldkeri: Fj\u00f6lnir \u00c1sbj\u00f6rnsson<\/p>\r\n\r\n\r\n\r\n<p>Ritari: Hj\u00f6rd\u00eds \u00der\u00e1insd\u00f3ttir<\/p>\r\n\r\n\r\n\r\n<p>Me\u00f0stj\u00f3rnandi: Dav\u00ed\u00f0 Bj\u00f6rn Kjartansson<\/p>\r\n\r\n\r\n\r\n<p>Me\u00f0stj\u00f3rnandi: El\u00edsa Stef\u00e1nsd\u00f3ttir<\/p>\r\n<p>&nbsp;<\/p>\r\n<p>Varama\u00f0ur: Hei\u00f0r\u00fan Bj\u00f6rnsd\u00f3ttir<\/p>\r\n<p>Varama\u00f0ur: \u00d3lafur Gu\u00f0steinn Kristj\u00e1nsson<\/p>\r\n<p>&nbsp;<\/p>\r\n<p>Starfsma\u00f0ur f\u00e9lagsins er Thelma E. Hjaltad\u00f3ttir<\/p>\r\n","protected":false},"excerpt":{"rendered":"<p>Krabbameinsf\u00e9lagi\u00f0 Sigurvon var stofna\u00f0 4. n\u00f3vember 2001 og eru f\u00e9lagsmenn \u00ed dag r\u00e9tt t\u00e6plega 400 talsins. Helsta hlutverk krabbameinsf\u00e9lagsins Sigurvonar er a\u00f0 veita f\u00f3lki \u00ed krabbameinsme\u00f0fer\u00f0, og fj\u00f6lskyldum \u00feeirra, stu\u00f0ning \u00ed gegnum bar\u00e1ttu \u00feeirra. S\u00e1 stu\u00f0ningur felst \u00ed uppl\u00fdsingagj\u00f6f til &hellip; <a href=\"https:\/\/www.krabbsigurvon.is\/?page_id=4\">Continued<\/a><\/p>\n","protected":false},"author":1,"featured_media":0,"parent":0,"menu_order":0,"comment_status":"closed","ping_status":"closed","template":"","meta":{"kt_blocks_editor_width":"","footnotes":""},"class_list":["post-4","page","type-page","status-publish","hentry"],"_links":{"self":[{"href":"https:\/\/www.krabbsigurvon.is\/index.php?rest_route=\/wp\/v2\/pages\/4","targetHints":{"allow":["GET"]}}],"collection":[{"href":"https:\/\/www.krabbsigurvon.is\/index.php?rest_route=\/wp\/v2\/pages"}],"about":[{"href":"https:\/\/www.krabbsigurvon.is\/index.php?rest_route=\/wp\/v2\/types\/page"}],"author":[{"embeddable":true,"href":"https:\/\/www.krabbsigurvon.is\/index.php?rest_route=\/wp\/v2\/users\/1"}],"replies":[{"embeddable":true,"href":"https:\/\/www.krabbsigurvon.is\/index.php?rest_route=%2Fwp%2Fv2%2Fcomments&post=4"}],"version-history":[{"count":13,"href":"https:\/\/www.krabbsigurvon.is\/index.php?rest_route=\/wp\/v2\/pages\/4\/revisions"}],"predecessor-version":[{"id":454,"href":"https:\/\/www.krabbsigurvon.is\/index.php?rest_route=\/wp\/v2\/pages\/4\/revisions\/454"}],"wp:attachment":[{"href":"https:\/\/www.krabbsigurvon.is\/index.php?rest_route=%2Fwp%2Fv2%2Fmedia&parent=4"}],"curies":[{"name":"wp","href":"https:\/\/api.w.org\/{rel}","templated":true}]}}