{"id":19,"date":"2019-11-28T16:49:21","date_gmt":"2019-11-28T16:49:21","guid":{"rendered":"https:\/\/www.krabbsigurvon.is\/?page_id=19"},"modified":"2020-12-01T13:20:14","modified_gmt":"2020-12-01T13:20:14","slug":"umsokn-um-styrk","status":"publish","type":"page","link":"https:\/\/www.krabbsigurvon.is\/?page_id=19","title":{"rendered":"Ums\u00f3kn um styrk"},"content":{"rendered":"\r\n<p>F\u00e9lagar \u00ed krabbameinsf\u00e9laginu Sigurvon sem eru a\u00f0 gangast undir krabbameinsme\u00f0fer\u00f0 geta s\u00f3tt um styrk til f\u00e9lagsins. F\u00e9lagi \u00ed me\u00f0fer\u00f0 hefur r\u00e9tt \u00e1 a\u00f0 f\u00e1 \u00e1rsstyrk. Einnig grei\u00f0ir Sigurvon gistikostna\u00f0 f\u00e9laga \u00ed krabbameinsme\u00f0fer\u00f0 \u00feegar \u00fea\u00f0 \u00fearf a\u00f0 s\u00e6kja l\u00e6knis\u00fej\u00f3nustu fjarri heimabygg\u00f0. Til \u00feess a\u00f0 s\u00e6kja um hvetjum vi\u00f0 f\u00f3lk til \u00feess a\u00f0 fylla \u00fat formi\u00f0 h\u00e9r a\u00f0 ne\u00f0an. Mikilv\u00e6gt er a\u00f0 vi\u00f0eigandi g\u00f6gn fylgi ums\u00f3kninni. Ef spurningar vakna er h\u00e6gt a\u00f0 senda okkur t\u00f6lvup\u00f3st \u00e1 sigurvon@snerpa.is<\/p>\r\n<p><em>Fyrir n\u00e1nari uppl\u00fdsingar um me\u00f0fer\u00f0 pers\u00f3nuuppl\u00fdsinga v\u00edsast \u00ed <a href=\"https:\/\/www.krabbsigurvon.is\/?page_id=94\">pers\u00f3nuverndarstefnu<\/a> Sigurvonar.\u00a0<\/em><\/p>\r\n\r\n\r\n\r\n\n<div class=\"wpcf7 no-js\" id=\"wpcf7-f18-o1\" lang=\"en-US\" dir=\"ltr\" data-wpcf7-id=\"18\">\n<div class=\"screen-reader-response\"><p role=\"status\" aria-live=\"polite\" aria-atomic=\"true\"><\/p> <ul><\/ul><\/div>\n<form action=\"\/index.php?rest_route=%2Fwp%2Fv2%2Fpages%2F19#wpcf7-f18-o1\" method=\"post\" class=\"wpcf7-form init\" aria-label=\"Contact form\" enctype=\"multipart\/form-data\" novalidate=\"novalidate\" data-status=\"init\">\n<fieldset class=\"hidden-fields-container\"><input type=\"hidden\" name=\"_wpcf7\" value=\"18\" \/><input type=\"hidden\" name=\"_wpcf7_version\" value=\"6.1.5\" \/><input type=\"hidden\" name=\"_wpcf7_locale\" value=\"en_US\" \/><input type=\"hidden\" name=\"_wpcf7_unit_tag\" value=\"wpcf7-f18-o1\" \/><input type=\"hidden\" name=\"_wpcf7_container_post\" value=\"0\" \/><input type=\"hidden\" name=\"_wpcf7_posted_data_hash\" value=\"\" \/>\n<\/fieldset>\n<p><label> Nafn *<br \/>\n<span class=\"wpcf7-form-control-wrap\" data-name=\"your-name\"><input size=\"40\" maxlength=\"400\" class=\"wpcf7-form-control wpcf7-text wpcf7-validates-as-required\" aria-required=\"true\" aria-invalid=\"false\" value=\"\" type=\"text\" name=\"your-name\" \/><\/span> <\/label>\n<\/p>\n<p><label> Kennitala *<br \/>\n<span class=\"wpcf7-form-control-wrap\" data-name=\"your-kt\"><input size=\"40\" maxlength=\"400\" class=\"wpcf7-form-control wpcf7-text wpcf7-validates-as-required\" aria-required=\"true\" aria-invalid=\"false\" value=\"\" type=\"text\" name=\"your-kt\" \/><\/span> <\/label>\n<\/p>\n<p><label> Netfang *<br \/>\n<span class=\"wpcf7-form-control-wrap\" data-name=\"your-email\"><input size=\"40\" maxlength=\"400\" class=\"wpcf7-form-control wpcf7-email wpcf7-validates-as-required wpcf7-text wpcf7-validates-as-email\" aria-required=\"true\" aria-invalid=\"false\" value=\"\" type=\"email\" name=\"your-email\" \/><\/span> <\/label>\n<\/p>\n<p><label> Heimilisfang *<br \/>\n<span class=\"wpcf7-form-control-wrap\" data-name=\"your-address\"><input size=\"40\" maxlength=\"400\" class=\"wpcf7-form-control wpcf7-text wpcf7-validates-as-required\" aria-required=\"true\" aria-invalid=\"false\" value=\"\" type=\"text\" name=\"your-address\" \/><\/span> <\/label>\n<\/p>\n<p><label> Tegund styrkjar *<\/label><br \/>\n<span class=\"wpcf7-form-control-wrap\" data-name=\"radio-199\"><span class=\"wpcf7-form-control wpcf7-radio\"><span class=\"wpcf7-list-item first\"><input type=\"radio\" name=\"radio-199\" value=\"Grunnstyrkur\" checked=\"checked\" \/><span class=\"wpcf7-list-item-label\">Grunnstyrkur<\/span><\/span><span class=\"wpcf7-list-item last\"><input type=\"radio\" name=\"radio-199\" value=\"Styrkur vegna gistingar\" \/><span class=\"wpcf7-list-item-label\">Styrkur vegna gistingar<\/span><\/span><\/span><\/span>\n<\/p>\n<p><label> Reikningsn\u00famer (Bankan\u00famer - H\u00f6fu\u00f0b\u00f3k - Reikningsn\u00famer)<br \/>\n<span class=\"wpcf7-form-control-wrap\" data-name=\"your-subject\"><input size=\"40\" maxlength=\"400\" class=\"wpcf7-form-control wpcf7-text\" aria-invalid=\"false\" value=\"\" type=\"text\" name=\"your-subject\" \/><\/span> <\/label>\n<\/p>\n<p><label> Hvers vegna er s\u00f3tt um styrk?<br \/>\n<span class=\"wpcf7-form-control-wrap\" data-name=\"your-message\"><textarea cols=\"40\" rows=\"10\" maxlength=\"2000\" class=\"wpcf7-form-control wpcf7-textarea\" aria-invalid=\"false\" name=\"your-message\"><\/textarea><\/span> <\/label>\n<\/p>\n<p><strong>Skr\u00e1r<\/strong><br \/>\n<small>Leyfilegar skr\u00e1r: PDF, Word, Excel<\/small><br \/>\n<span class=\"wpcf7-form-control-wrap\" data-name=\"file-854\"><input size=\"40\" class=\"wpcf7-form-control wpcf7-file\" accept=\".pdf,.doc,.docx,.xlsx,.xls,.txt\" aria-invalid=\"false\" type=\"file\" name=\"file-854\" \/><\/span><br \/>\n<span class=\"wpcf7-form-control-wrap\" data-name=\"file-855\"><input size=\"40\" class=\"wpcf7-form-control wpcf7-file\" accept=\".pdf,.doc,.docx,.xlsx,.xls,.txt\" aria-invalid=\"false\" type=\"file\" name=\"file-855\" \/><\/span>\n<\/p>\n<p><input class=\"wpcf7-form-control wpcf7-submit has-spinner\" type=\"submit\" value=\"Send\" \/>\n<\/p><p style=\"display: none !important;\" class=\"akismet-fields-container\" data-prefix=\"_wpcf7_ak_\"><label>&#916;<textarea name=\"_wpcf7_ak_hp_textarea\" cols=\"45\" rows=\"8\" maxlength=\"100\"><\/textarea><\/label><input type=\"hidden\" id=\"ak_js_1\" name=\"_wpcf7_ak_js\" value=\"219\"\/><script type=\"text\/javascript\">\n\/* <![CDATA[ *\/\ndocument.getElementById( \"ak_js_1\" ).setAttribute( \"value\", ( new Date() ).getTime() );\n\/* ]]> *\/\n<\/script>\n<\/p><div class=\"wpcf7-response-output\" aria-hidden=\"true\"><\/div>\n<\/form>\n<\/div>\n\r\n\r\n\r\n\r\n<p>&nbsp;<\/p>\r\n","protected":false},"excerpt":{"rendered":"<p>F\u00e9lagar \u00ed krabbameinsf\u00e9laginu Sigurvon sem eru a\u00f0 gangast undir krabbameinsme\u00f0fer\u00f0 geta s\u00f3tt um styrk til f\u00e9lagsins. F\u00e9lagi \u00ed me\u00f0fer\u00f0 hefur r\u00e9tt \u00e1 a\u00f0 f\u00e1 \u00e1rsstyrk. Einnig grei\u00f0ir Sigurvon gistikostna\u00f0 f\u00e9laga \u00ed krabbameinsme\u00f0fer\u00f0 \u00feegar \u00fea\u00f0 \u00fearf a\u00f0 s\u00e6kja l\u00e6knis\u00fej\u00f3nustu fjarri heimabygg\u00f0. &hellip; <a href=\"https:\/\/www.krabbsigurvon.is\/?page_id=19\">Continued<\/a><\/p>\n","protected":false},"author":1,"featured_media":0,"parent":0,"menu_order":0,"comment_status":"closed","ping_status":"closed","template":"","meta":{"kt_blocks_editor_width":"","footnotes":""},"class_list":["post-19","page","type-page","status-publish","hentry"],"_links":{"self":[{"href":"https:\/\/www.krabbsigurvon.is\/index.php?rest_route=\/wp\/v2\/pages\/19","targetHints":{"allow":["GET"]}}],"collection":[{"href":"https:\/\/www.krabbsigurvon.is\/index.php?rest_route=\/wp\/v2\/pages"}],"about":[{"href":"https:\/\/www.krabbsigurvon.is\/index.php?rest_route=\/wp\/v2\/types\/page"}],"author":[{"embeddable":true,"href":"https:\/\/www.krabbsigurvon.is\/index.php?rest_route=\/wp\/v2\/users\/1"}],"replies":[{"embeddable":true,"href":"https:\/\/www.krabbsigurvon.is\/index.php?rest_route=%2Fwp%2Fv2%2Fcomments&post=19"}],"version-history":[{"count":10,"href":"https:\/\/www.krabbsigurvon.is\/index.php?rest_route=\/wp\/v2\/pages\/19\/revisions"}],"predecessor-version":[{"id":213,"href":"https:\/\/www.krabbsigurvon.is\/index.php?rest_route=\/wp\/v2\/pages\/19\/revisions\/213"}],"wp:attachment":[{"href":"https:\/\/www.krabbsigurvon.is\/index.php?rest_route=%2Fwp%2Fv2%2Fmedia&parent=19"}],"curies":[{"name":"wp","href":"https:\/\/api.w.org\/{rel}","templated":true}]}}