{"id":137,"date":"2020-02-10T14:43:44","date_gmt":"2020-02-10T14:43:44","guid":{"rendered":"https:\/\/www.krabbsigurvon.is\/?page_id=137"},"modified":"2024-06-05T09:32:35","modified_gmt":"2024-06-05T09:32:35","slug":"vinir-i-von","status":"publish","type":"page","link":"https:\/\/www.krabbsigurvon.is\/?page_id=137","title":{"rendered":"Vinir \u00ed von og Karlavon"},"content":{"rendered":"<p>Stu\u00f0ningsh\u00f3purinn Vinir \u00ed von kemur saman annan hvern laugardag yfir vetrart\u00edmann. Hist er \u00ed h\u00fasn\u00e6\u00f0i Vesturafls a\u00f0 Su\u00f0urg\u00f6tu 9, \u00cdsafir\u00f0i kl. 11. Um a\u00f0 r\u00e6\u00f0a samverustundir einstaklinga sem hafa greinst me\u00f0 krabbamein og a\u00f0standendur \u00feeirra. Bo\u00f0i\u00f0 er upp \u00e1 kaffi og me\u00f0 \u00fev\u00ed e\u00f0a stundum brug\u00f0i\u00f0 undir sig betri f\u00e6tinum og \u00e1kve\u00f0i\u00f0 a\u00f0 gera eitthva\u00f0 skemmtilegt eins og a\u00f0 fara \u00e1 kaffih\u00fas, g\u00f6ngufer\u00f0 e\u00f0a eitthva\u00f0 skemmtilegt.<\/p>\n<p>Stu\u00f0ningsh\u00f3purinn Karlavon hittist h\u00e1lfsm\u00e1na\u00f0arlega kl. 17 \u00e1 f\u00f6stud\u00f6gum \u00ed sama h\u00fasn\u00e6\u00f0i. Hann samanstendur af karlm\u00f6nnum sem eru me\u00f0 e\u00f0a hafa fengi\u00f0 krabbamein.<\/p>\n","protected":false},"excerpt":{"rendered":"<p>Stu\u00f0ningsh\u00f3purinn Vinir \u00ed von kemur saman annan hvern laugardag yfir vetrart\u00edmann. Hist er \u00ed h\u00fasn\u00e6\u00f0i Vesturafls a\u00f0 Su\u00f0urg\u00f6tu 9, \u00cdsafir\u00f0i kl. 11. Um a\u00f0 r\u00e6\u00f0a samverustundir einstaklinga sem hafa greinst me\u00f0 krabbamein og a\u00f0standendur \u00feeirra. Bo\u00f0i\u00f0 er upp \u00e1 kaffi &hellip; <a href=\"https:\/\/www.krabbsigurvon.is\/?page_id=137\">Continued<\/a><\/p>\n","protected":false},"author":3,"featured_media":0,"parent":0,"menu_order":0,"comment_status":"closed","ping_status":"closed","template":"","meta":{"kt_blocks_editor_width":"","footnotes":""},"class_list":["post-137","page","type-page","status-publish","hentry"],"_links":{"self":[{"href":"https:\/\/www.krabbsigurvon.is\/index.php?rest_route=\/wp\/v2\/pages\/137","targetHints":{"allow":["GET"]}}],"collection":[{"href":"https:\/\/www.krabbsigurvon.is\/index.php?rest_route=\/wp\/v2\/pages"}],"about":[{"href":"https:\/\/www.krabbsigurvon.is\/index.php?rest_route=\/wp\/v2\/types\/page"}],"author":[{"embeddable":true,"href":"https:\/\/www.krabbsigurvon.is\/index.php?rest_route=\/wp\/v2\/users\/3"}],"replies":[{"embeddable":true,"href":"https:\/\/www.krabbsigurvon.is\/index.php?rest_route=%2Fwp%2Fv2%2Fcomments&post=137"}],"version-history":[{"count":4,"href":"https:\/\/www.krabbsigurvon.is\/index.php?rest_route=\/wp\/v2\/pages\/137\/revisions"}],"predecessor-version":[{"id":456,"href":"https:\/\/www.krabbsigurvon.is\/index.php?rest_route=\/wp\/v2\/pages\/137\/revisions\/456"}],"wp:attachment":[{"href":"https:\/\/www.krabbsigurvon.is\/index.php?rest_route=%2Fwp%2Fv2%2Fmedia&parent=137"}],"curies":[{"name":"wp","href":"https:\/\/api.w.org\/{rel}","templated":true}]}}